{"id":2,"date":"2009-09-17T22:12:59","date_gmt":"2009-09-17T20:12:59","guid":{"rendered":"http:\/\/www.ako-airoe.de\/?page_id=2"},"modified":"2024-09-08T13:02:09","modified_gmt":"2024-09-08T11:02:09","slug":"eine-seite","status":"publish","type":"page","link":"http:\/\/www.ako-airoe.de\/?page_id=2","title":{"rendered":"Das Ako Air\u00f6"},"content":{"rendered":"<h1>Der Verein stellt sich vor<\/h1>\n<p>Das Akkordeonorchester Aichhalden-R\u00f6tenberg entstand 1983. Ausschlaggebend war wohl, da\u00df sich zu dem Zeitpunkt schon viele Spieler im Unterricht in Ausbildung befanden, aber keinem Verein angeh\u00f6rten. Da das musizieren in der Gruppe aber bekannterma\u00dfen mehr Spa\u00df macht dachten sowohl Spieler als auch Eltern und Musiklehrer \u00fcber eine Vereinsgr\u00fcndung nach. Nach einer Probephase wurde dann im Mai 1983 der Verein gegr\u00fcndet. Als erster Vorsitzender wurde damals Gerhard Fuchs aus R\u00f6tenberg gew\u00e4hlt, der den Verein auch noch weitere 11 Jahre erfolgreich leiten sollte. Der Dirigent der ersten Stunde, Rudi Marte aus Seedorf war bis 2011 aktiv und h\u00e4lt uns seitdem als Ehrendirigent die Treue. Sein Individualismus machte die gro\u00dfen Erfolge die im Laufe der Jahre errungen wurden wohl erst m\u00f6glich.<\/p>\n<p>Die Proben wurden im Wechsel jeweils in Aichhalden und R\u00f6tenberg abgehalten, da am Anfang die Spieler in Ermangelung eines F\u00fchrerscheines von den Eltern gefahren werden mu\u00dften und die Belastung nicht zu einseitig werden sollte. Nachdem das Gr\u00fcndungsorchester \u00fcber Jahre hinweg seine Leistungen verbessern konnte, stellten sich nach und nach gro\u00dfe Erfolge auf Kreis-, Bezirks- und sogar internationaler Ebene ein. Garant daf\u00fcr war vor allem die Tatsache, da\u00df sich das Orchester in den Anfangsjahren kaum ver\u00e4ndert hatte, und somit als ganzes aufwuchs und erwachsen wurde. Zur F\u00f6rderung des Nachwuchses wurde dann 1986 ein Sch\u00fclerorchester gegr\u00fcndet. Auch dieses Orchester ver\u00e4nderte sich in der Anfangszeit kaum und so steigerten sich Leistungen und Erfolge hier ebenfalls mit der Zeit.<\/p>\n<p>Als gr\u00f6\u00dfter Erfolg in der Vereinsgeschichte kann die Teilnahme beim Internationalen Akkordeon und Mundharmonikafestival 1989 in Innsbruck gewertet werden, bei dem sich die Aktiven den Ersten Platz in der Kategorie Oberstufe Junioren sicherten. Das Erfolgsst\u00fcck war damals &#8222;Schwabenstreiche&#8220; von Adolf G\u00f6tz. Derzeit besteht der Verein aus einem Hauptorchester und einem Sch\u00fclerorchester, von dem aus bei entsprechendem Leistungsstand Spieler in das Hauptorchester \u00fcbernommen werden.<\/p>\n<p>Die Aktivit\u00e4ten beschr\u00e4nken sich nat\u00fcrlich nicht nur auf die musikalische Seite. Zu Auftritten bei anderen Vereinen, sowie bei Geburtstagsfeiern von Mitgliedern geh\u00f6ren auch z.B. die Teilnahme bei den Dorffesten in Aichhalden und R\u00f6tenberg, die Ausrichtung von Wettbewerben, Veranstaltungen aus eigener Regie, das j\u00e4hrliche Konzert, Kameradschaftsabende die dem Zusammenhalt im Verein selbst dienen und vieles mehr.<\/p>\n<p>Unser Repertoire umfasst viele bekannte Titel aus der Unterhaltungsmusik sowie konzertante St\u00fccke bis hin zu klassischen Titeln, die f\u00fcr Akkordeon umgeschrieben wurden und f\u00fcr Konzerte und Wertungsspiele einstudiert werden. Als Besonderheit unseres Vereines kann die hervorragende Kameradschaft genannt werden, durch die sich die Spieler nicht nur des Vereins wegen sondern auch privat sehr oft treffen und viel Spa\u00df miteinander haben. Ebenfalls hervorzuheben ist das Durchschnittsalter von ca. 35 Jahren im Hauptorchester, was uns zu einem sehr jugendlichen Verein macht, der sich hier auch dementsprechend unbefangen pr\u00e4sentieren will. Derzeit belaufen sich die Spielerzahlen auf 32 Sp<span style=\"font-size: inherit;\">ieler im Hauptorchester. Dies wird von Mario Nortmann dirigiert. Beim Sch\u00fclerorchester, den Ako-Kids sind es 21 Spieler\/innnen, hier schwingt Leila Witz den Taktstock. An dieser Stelle wollen wir uns sowohl als Unterhaltungsorchester als auch als Konzertpartner anbieten, da wir jederzeit gerne au\u00dferhalb unserer Ortsgrenzen auftreten. Falls Sie es sich also vorstellen k\u00f6nnten eine junge ambitionierte Truppe als Unterhaltungsorchester oder Konzertpartner zu verpflichten so k\u00f6nnen Sie Kontakt mit uns aufnehmen unter:<\/span><\/p>\n<p><span style=\"font-family: Arial,Helvetica;\"><span style=\"color: #000000;\"> <a href=\"mailto:info@ako-airoe.de\">Info@Ako-AiRoe.de<\/a><\/span><\/span><\/p>\n<p><span style=\"font-family: Arial,Helvetica;\"><span style=\"color: #000000;\"> oder Sie schreiben an:<\/span><\/span><\/p>\n<p><span style=\"font-family: Arial, Helvetica;\">Akkordeonorchester Aichhalden &#8211; R\u00f6tenberg<\/span><\/p>\n<p><span style=\"font-family: Arial, Helvetica;\">Bacher Stra\u00dfe 26<\/span><\/p>\n<p><span style=\"font-family: Arial, Helvetica;\">78733 Aichhalden &#8211; R\u00f6tenberg<br \/>\n<\/span><\/p>\n<p><span style=\"font-family: Arial,Helvetica;\"><span style=\"color: #000000;\"> Tel.: Silke Herzog, +49 (0) 7444\/955773<br \/>\n<\/span><\/span><\/p>\n","protected":false},"excerpt":{"rendered":"<p>Der Verein stellt sich vor Das Akkordeonorchester Aichhalden-R\u00f6tenberg entstand 1983. Ausschlaggebend war wohl, da\u00df sich zu dem Zeitpunkt schon viele Spieler im Unterricht in Ausbildung befanden, aber keinem Verein angeh\u00f6rten. Da das musizieren in der Gruppe aber bekannterma\u00dfen mehr Spa\u00df macht dachten sowohl Spieler als auch Eltern und Musiklehrer \u00fcber eine Vereinsgr\u00fcndung nach. Nach einer [&hellip;]<\/p>\n","protected":false},"author":1,"featured_media":0,"parent":0,"menu_order":0,"comment_status":"open","ping_status":"closed","template":"","meta":[],"_links":{"self":[{"href":"http:\/\/www.ako-airoe.de\/index.php?rest_route=\/wp\/v2\/pages\/2"}],"collection":[{"href":"http:\/\/www.ako-airoe.de\/index.php?rest_route=\/wp\/v2\/pages"}],"about":[{"href":"http:\/\/www.ako-airoe.de\/index.php?rest_route=\/wp\/v2\/types\/page"}],"author":[{"embeddable":true,"href":"http:\/\/www.ako-airoe.de\/index.php?rest_route=\/wp\/v2\/users\/1"}],"replies":[{"embeddable":true,"href":"http:\/\/www.ako-airoe.de\/index.php?rest_route=%2Fwp%2Fv2%2Fcomments&post=2"}],"version-history":[{"count":26,"href":"http:\/\/www.ako-airoe.de\/index.php?rest_route=\/wp\/v2\/pages\/2\/revisions"}],"predecessor-version":[{"id":4900,"href":"http:\/\/www.ako-airoe.de\/index.php?rest_route=\/wp\/v2\/pages\/2\/revisions\/4900"}],"wp:attachment":[{"href":"http:\/\/www.ako-airoe.de\/index.php?rest_route=%2Fwp%2Fv2%2Fmedia&parent=2"}],"curies":[{"name":"wp","href":"https:\/\/api.w.org\/{rel}","templated":true}]}}