{"id":4193,"date":"2021-02-20T13:39:59","date_gmt":"2021-02-20T11:39:59","guid":{"rendered":"http:\/\/www.ako-airoe.de\/?page_id=4193"},"modified":"2024-09-08T13:02:40","modified_gmt":"2024-09-08T11:02:40","slug":"impressum","status":"publish","type":"page","link":"http:\/\/www.ako-airoe.de\/?page_id=4193","title":{"rendered":"Impressum"},"content":{"rendered":"\n<h1><\/h1>\n\n\n\n<h2>Angaben gem\u00e4\u00df \u00a7 5 TMG<\/h2>\n\n\n\n<p class=\"has-very-dark-gray-color has-text-color\">Akkordeonorchester Aichhalden-R\u00f6tenberg e. V.<br>Bacher Stra\u00dfe 26<br>78733 Aichhalden- R\u00f6tenberg<\/p>\n\n\n\n<p>Vereinsregister Nummer: 480 474<br>Registergericht: Amtsgericht Stuttgart<\/p>\n\n\n\n<p><strong>Vertreten durch:<\/strong><br>Silke Herzog<br>Oliver Ginter<\/p>\n\n\n\n<h2>Kontakt<\/h2>\n\n\n\n<p>Silke Herzog, Telefon: +49 (0) 7444\/955773<br>E-Mail: info@ako-airoe.de<\/p>\n\n\n\n<h2>Umsatzsteuer-ID<\/h2>\n\n\n\n<p>Umsatzsteuer-Identifikationsnummer gem\u00e4\u00df \u00a727 a Umsatzsteuergesetz:<br> DE 999 999 999 &#8211; folgt<\/p>\n\n\n\n<p>Wir sind nicht bereit oder verpflichtet, an Streitbeilegungsverfahren vor einer Verbraucherschlichtungsstelle teilzunehmen.<\/p>\n\n\n\n<p>Quelle: <a href=\"http:\/\/www.anwalt.de\">Impressum-Generator von anwalt.de<\/a><\/p>\n","protected":false},"excerpt":{"rendered":"<p>Angaben gem\u00e4\u00df \u00a7 5 TMG Akkordeonorchester Aichhalden-R\u00f6tenberg e. V.Bacher Stra\u00dfe 2678733 Aichhalden- R\u00f6tenberg Vereinsregister Nummer: 480 474Registergericht: Amtsgericht Stuttgart Vertreten durch:Silke HerzogOliver Ginter Kontakt Silke Herzog, Telefon: +49 (0) 7444\/955773E-Mail: info@ako-airoe.de Umsatzsteuer-ID Umsatzsteuer-Identifikationsnummer gem\u00e4\u00df \u00a727 a Umsatzsteuergesetz: DE 999 999 999 &#8211; folgt Wir sind nicht bereit oder verpflichtet, an Streitbeilegungsverfahren vor einer Verbraucherschlichtungsstelle teilzunehmen. [&hellip;]<\/p>\n","protected":false},"author":44,"featured_media":0,"parent":0,"menu_order":6,"comment_status":"closed","ping_status":"closed","template":"","meta":[],"_links":{"self":[{"href":"http:\/\/www.ako-airoe.de\/index.php?rest_route=\/wp\/v2\/pages\/4193"}],"collection":[{"href":"http:\/\/www.ako-airoe.de\/index.php?rest_route=\/wp\/v2\/pages"}],"about":[{"href":"http:\/\/www.ako-airoe.de\/index.php?rest_route=\/wp\/v2\/types\/page"}],"author":[{"embeddable":true,"href":"http:\/\/www.ako-airoe.de\/index.php?rest_route=\/wp\/v2\/users\/44"}],"replies":[{"embeddable":true,"href":"http:\/\/www.ako-airoe.de\/index.php?rest_route=%2Fwp%2Fv2%2Fcomments&post=4193"}],"version-history":[{"count":8,"href":"http:\/\/www.ako-airoe.de\/index.php?rest_route=\/wp\/v2\/pages\/4193\/revisions"}],"predecessor-version":[{"id":4901,"href":"http:\/\/www.ako-airoe.de\/index.php?rest_route=\/wp\/v2\/pages\/4193\/revisions\/4901"}],"wp:attachment":[{"href":"http:\/\/www.ako-airoe.de\/index.php?rest_route=%2Fwp%2Fv2%2Fmedia&parent=4193"}],"curies":[{"name":"wp","href":"https:\/\/api.w.org\/{rel}","templated":true}]}}